{"id":3268,"date":"2024-07-19T12:51:35","date_gmt":"2024-07-19T12:51:35","guid":{"rendered":"https:\/\/salonderlevenskunst.be\/?page_id=3268"},"modified":"2024-11-15T09:52:48","modified_gmt":"2024-11-15T09:52:48","slug":"visie-en-missie","status":"publish","type":"page","link":"https:\/\/salonderlevenskunst.be\/?page_id=3268","title":{"rendered":"VISIE EN MISSIE"},"content":{"rendered":"<section class=\"wpb-content-wrapper\"><p>[vc_row content_text_aligment=&#8221;center&#8221; css=&#8221;.vc_custom_1721345474782{padding-top: 110px !important;}&#8221; simple_background_color=&#8221;#f8f9f6&#8243;][vc_column]<div class=\"mkdf-elements-holder   mkdf-one-column  mkdf-responsive-mode-768 \" ><div class=\"mkdf-eh-item   mkdf-horizontal-alignment-center \"  data-item-class=\"mkdf-eh-custom-8011\" data-1280-1600=\"0px 12%\" data-1024-1280=\"0px 7%\" data-768-1024=\"0px 5%\" data-680-768=\"0px\" data-680=\"0px\">\n\t\t<div class=\"mkdf-eh-item-inner\">\n\t\t<div class=\"mkdf-eh-item-content mkdf-eh-custom-8011\" style=\"padding: 0px 14%\">\n\t\t\t<div class=\"mkdf-interactive-banner-holder \">\n        <div class=\"mkdf-banner-image\">\n        <img loading=\"lazy\" decoding=\"async\" width=\"2000\" height=\"1500\" src=\"https:\/\/salonderlevenskunst.be\/wp-content\/uploads\/2024\/09\/banner_visie.jpg\" class=\"attachment-full size-full\" alt=\"\" srcset=\"https:\/\/salonderlevenskunst.be\/wp-content\/uploads\/2024\/09\/banner_visie.jpg 2000w, https:\/\/salonderlevenskunst.be\/wp-content\/uploads\/2024\/09\/banner_visie-300x225.jpg 300w, https:\/\/salonderlevenskunst.be\/wp-content\/uploads\/2024\/09\/banner_visie-1024x768.jpg 1024w, https:\/\/salonderlevenskunst.be\/wp-content\/uploads\/2024\/09\/banner_visie-768x576.jpg 768w, https:\/\/salonderlevenskunst.be\/wp-content\/uploads\/2024\/09\/banner_visie-1536x1152.jpg 1536w\" sizes=\"auto, (max-width: 2000px) 100vw, 2000px\" \/>    <\/div>\n    <div class=\"mkdf-banner-text-holder\" >\n\t    <div class=\"mkdf-banner-text-outer\">\n\t\t        <span class=\"mkdf-icon-shortcode mkdf-normal   \"  >\n        <i class=\"mkdf-icon-font-awesome fa  mkdf-icon-element\" style=\"\" ><\/i>    <\/span>\n                            <h2 class=\"mkdf-banner-title\" >\n                    VISIE EN MISSIE                <\/h2>\n            \t\t<\/div>\n\t<\/div>\n<\/div>\t\t<\/div>\n\t<\/div>\n<\/div><\/div>[\/vc_column][\/vc_row][vc_row row_content_width=&#8221;grid&#8221; content_text_aligment=&#8221;center&#8221; css=&#8221;.vc_custom_1508331651388{padding-top: 110px !important;}&#8221; simple_background_color=&#8221;#f8f9f6&#8243;][vc_column][vc_column_text css=&#8221;.vc_custom_1731664367244{margin-top: 25px !important;margin-bottom: 50px !important;}&#8221;]<\/p>\n<h4 style=\"text-align: left;\">Stuwen naar je Ware Potentieel: Innerlijke Vrede en Liefde<\/h4>\n<p style=\"text-align: left;\">De confrontatie met een wereld die steeds sneller, individualistischer en virtueler wordt, laat zijn sporen. Je kan je depressief, disconnected, voelen of het het gewoon niet meer weten \u2026 en dit terwijl een mens het gelukkigst is met een leven in verbinding\u2026 Verbinding begint hier en nu bij jezelf!<\/p>\n<p style=\"text-align: left;\"><strong>Het is mijn zielsmissie om je te ondersteunen in het begrijpen en leven van je Essentie, je Ware Potentieel. <\/strong><\/p>\n<p style=\"text-align: left;\">Als medegezel, initiator en inspirator reis ik met je mee op het pad van Bewustwording en Zingeving. In mijn boshuisje, omringd door de natuur bied ik een \u2018thuisplek\u2019 aan, zodat je in alle rust kunt herbronnen op fysiek, emotioneel \u00e9n spiritueel niveau. Of je nu komt voor \u00e9\u00e9n sessie, langer verblijft of een traject volgt, je gaat energetisch opgeladen met frisse energie je levensweg verder kunnen vervolgen. De diversiteit van mens zijn, maakt me nieuwsgierig, Ik organiseer verbindingcirkels met \u2018spiegelmomenten\u2019 waarbij je uitgenodigd wordt met anderen in dialoog te gaan vanuit verbindende communicatie en met herwaardering voor de de diversiteit en uniciteit van de mens. Hoe fijn en verrijkend als een open dialoog op gang komt die verbindend werkt!<\/p>\n<p style=\"text-align: left;\"><strong>Salonderlevenskunst deelt Wijsheid, Levenservaring en Kennis zodat je langzaamaan transformeert naar Innerlijke Vrede en Liefde!<\/strong><\/p>\n<h5 style=\"text-align: left;\"><\/h5>\n<h5 style=\"text-align: left;\">Ontmoeting<\/h5>\n<p style=\"text-align: left;\">Als bezielster van Salonderlevenskunst neem ik maatschappelijke verantwoordelijkheid op me door mee te werken aan een cultuur van ontmoeten, omdat ik geloof dat de mens pas echt gelukkig kan zijn in diepe verbondenheid met de ander, de leefomgeving en het grotere geheel.<\/p>\n<h5 style=\"text-align: left;\">Holistisch<\/h5>\n<p style=\"text-align: left;\">Het aanbod van Salonderlevenskunst richt zich op het herstel van de verbinding met de eigen Wezenskern [Essentie], met het lichaam, de natuur, de ander, de samenleving \u00e9n de spirituele dimensie.[Het zielenpotentieel] Dit met respect voor het unieke proces en het tempo waarmee je als zoekende je unieke weg bewandelt.<\/p>\n<h5 style=\"text-align: left;\">Innerlijke tevredenheid<\/h5>\n<p style=\"text-align: left;\">Het is van wezenlijk belang dat ieder mens &#8216;de zin van het eigen leven&#8217; op het spoor komt om in innerlijke vrede te kunnen zijn. In deze zoektocht naar de eigen &#8216;roeping&#8217; of &#8216;bestemming&#8217; ben ik je reisbegeleider. Hierbij stel ik me eerder op als &#8216;vroedvrouw&#8217; en help jou- zwanger van het eigen antwoord- &#8216;verlossen&#8217;.<\/p>\n<h5 style=\"text-align: left;\">Zelfhelend vermogen<\/h5>\n<p style=\"text-align: left;\">Er worden vooraf geen antwoorden van buitenaf voorgesteld of gesuggereerd. Ik vertrek vanuit het geloof dat in elke mens een (zelf)helend vermogen aanwezig is. Dit vermogen helpen ontdekken, aanmoedigen en versterken, is \u00e9\u00e9n van mijn basisopdrachten.<\/p>\n<h5 style=\"text-align: left;\">Responsabiliseren<\/h5>\n<p style=\"text-align: left;\">Salonderlevenskunst gelooft dat de mens verantwoordelijk is voor het eigen zoekproces. In die zin wil zij een &#8216;broedplaats&#8217; zijn voor verinnerlijking, zelfverkenning en zelfexpressie. Zij wil mensen ondersteunen in de ervaring dat de weg van de (innerlijke) confrontatie bevrijdend is. Daarom wordt gekozen voor het aanmoedigen van de dynamische beweging van &#8216;binnen naar buiten&#8217; en opteert zij niet voor het louter assimileren van wat anderen aanbrengen, voorhouden of geloven. Via haar aanbod wil de mens aldus aangemoedigd worden tot &#8216;zelfrealisatie&#8217;, waarbij het in wezen gaat &#8211; en dat is belangrijk &#8211; om &#8216;zelftranscendentie&#8217;. En zelftranscendentie kan maar in diepe verbondenheid met het ware, authentiek, oorspronkelijke zelve, de ander als medemens en de Ander.<\/p>\n<h5 style=\"text-align: left;\">Het tempo<\/h5>\n<p style=\"text-align: left;\">Salonderlevenskunst heeft respect voor het eigen zoektempo van elke mens, omdat ik geloof dat de individuele mens verantwoordelijk is voor zijn persoonlijke groei en maar gebaat is als hij of zij zelf het tempo mag bepalen waarmee het zoekproces verloopt.<\/p>\n<h5 style=\"text-align: left;\">Niet weten<\/h5>\n<p style=\"text-align: left;\">Salonderlevenskunst wenst ruimte te geven aan wat niet onmiddellijk beantwoord of verwoord kan worden. Ik wil de &#8216;leegte&#8217; bewust ruimte geven, omdat ik geloof dat in de &#8216;open ruimte&#8217; van het &#8216;niet weten&#8217; spiritualiteit pas \u00e9cht kansen krijgt.<\/p>\n<h5 style=\"text-align: left;\">Zijnskwaliteiten<\/h5>\n<p style=\"text-align: left;\">Hoewel ik een ruim palet aan opleidingen heb genoten, stel ik mijn kennis ondergeschikt aan de zijnskwaliteiten van waaruit ik aanwezig ben: empathie, onvoorwaardelijke liefde en levenswijsheid. De verbinding die daardoor ontstaat tussen ons is verrijkend helend.<\/p>\n<h5 style=\"text-align: left;\">Pluralisme en theosofie<\/h5>\n<p style=\"text-align: left;\">Salonderlevenskunst is pluralistisch en zoekt naar waarheid binnen diverse contexten, religies, spirituele bewegingen en theosofie. Zo ontstaat verbinding tussen de rijkdom van westerse en oosterse religieuze tradities en psychologie.<\/p>\n<p>[\/vc_column_text][\/vc_column][\/vc_row]<\/p>\n<\/section>","protected":false},"excerpt":{"rendered":"<p>[vc_row content_text_aligment=&#8221;center&#8221; css=&#8221;.vc_custom_1721345474782{padding-top: 110px !important;}&#8221; simple_background_color=&#8221;#f8f9f6&#8243;][vc_column][\/vc_column][\/vc_row][vc_row row_content_width=&#8221;grid&#8221; content_text_aligment=&#8221;center&#8221; css=&#8221;.vc_custom_1508331651388{padding-top: 110px !important;}&#8221; simple_background_color=&#8221;#f8f9f6&#8243;][vc_column][vc_column_text css=&#8221;.vc_custom_1731664367244{margin-top: 25px !important;margin-bottom: 50px !important;}&#8221;] Stuwen naar je Ware Potentieel: Innerlijke Vrede en Liefde De confrontatie met een wereld die steeds sneller, individualistischer en virtueler wordt, laat zijn [&hellip;]<\/p>\n","protected":false},"author":1,"featured_media":0,"parent":0,"menu_order":0,"comment_status":"closed","ping_status":"closed","template":"full-width.php","meta":{"footnotes":""},"class_list":["post-3268","page","type-page","status-publish","hentry"],"_links":{"self":[{"href":"https:\/\/salonderlevenskunst.be\/index.php?rest_route=\/wp\/v2\/pages\/3268","targetHints":{"allow":["GET"]}}],"collection":[{"href":"https:\/\/salonderlevenskunst.be\/index.php?rest_route=\/wp\/v2\/pages"}],"about":[{"href":"https:\/\/salonderlevenskunst.be\/index.php?rest_route=\/wp\/v2\/types\/page"}],"author":[{"embeddable":true,"href":"https:\/\/salonderlevenskunst.be\/index.php?rest_route=\/wp\/v2\/users\/1"}],"replies":[{"embeddable":true,"href":"https:\/\/salonderlevenskunst.be\/index.php?rest_route=%2Fwp%2Fv2%2Fcomments&post=3268"}],"version-history":[{"count":5,"href":"https:\/\/salonderlevenskunst.be\/index.php?rest_route=\/wp\/v2\/pages\/3268\/revisions"}],"predecessor-version":[{"id":3523,"href":"https:\/\/salonderlevenskunst.be\/index.php?rest_route=\/wp\/v2\/pages\/3268\/revisions\/3523"}],"wp:attachment":[{"href":"https:\/\/salonderlevenskunst.be\/index.php?rest_route=%2Fwp%2Fv2%2Fmedia&parent=3268"}],"curies":[{"name":"wp","href":"https:\/\/api.w.org\/{rel}","templated":true}]}}